{"id":136,"date":"2014-02-20T16:18:57","date_gmt":"2014-02-20T20:18:57","guid":{"rendered":"http:\/\/centrosuico.ch\/cursos\/?page_id=136"},"modified":"2024-06-07T15:42:03","modified_gmt":"2024-06-07T19:42:03","slug":"ondaf","status":"publish","type":"page","link":"https:\/\/centrosuico.ch\/cursos\/ondaf\/","title":{"rendered":"OnDaF"},"content":{"rendered":"<p><img loading=\"lazy\" decoding=\"async\" class=\"alignnone\" src=\"http:\/\/centrosuico.ch\/cursos\/wp-content\/uploads\/2014\/02\/ondaf.png\" alt=\"\" width=\"396\" height=\"40\" \/><br \/>\nO OnDaf \u00e9 um teste aplicado para classificar o n\u00edvel de conhecimento do idioma alem\u00e3o dos estudantes, principalmente daqueles que se candidatam a uma bolsa do DAAD. \u00a0Ele serve tamb\u00e9m para determinar o n\u00edvel mais apropriado nos cursos online do <i>Deutsch-Uni Online (DUO)<\/i>.<\/p>\n<p>Este teste \u00e9 composto de oito textos, cada um com 20 lacunas a serem preenchidas. Atrav\u00e9s disso, o teste avalia o conhecimento de vocabul\u00e1rio, ortografia, gram\u00e1tica (termina\u00e7\u00f5es, flex\u00e3o, concord\u00e2ncia) e tamb\u00e9m de sintaxe.<\/p>\n<p>O resultado sai imediatamente.<\/p>\n<p><strong>O Centro Su\u00ed\u00e7o aplica o teste OnDaf.<\/strong> Para agendar um teste ou obter mais informa\u00e7\u00f5es sobre o procedimento, basta ligar para o nosso telefone (92) 99525-5534.<\/p>\n<p>&nbsp;<\/p>\n<hr \/>\n<p>&nbsp;<\/p>\n<ul>\n<li>P\u00e1gina Oficial OnDaf: <a title=\"OnDaf\" href=\"http:\/\/www.ondaf.de\" target=\"_blank\" rel=\"noopener\">www.ondaf.de<\/a><\/li>\n<li>Servi\u00e7o Alem\u00e3o de Interc\u00e2mbio Acad\u00eamico &#8211; DAAD:\u00a0<a title=\"DAAD\" href=\"http:\/\/www.daad.org.br\" target=\"_blank\" rel=\"noopener\">www.daad.org.br<\/a><\/li>\n<li>Deutsch-Uni Online &#8211; DUO:\u00a0<a title=\"DUO\" href=\"http:\/\/www.deutsch-uni.com\" target=\"_blank\" rel=\"noopener\">www.deutsch-uni.com<\/a><\/li>\n<\/ul>\n<p>&nbsp;<\/p>\n","protected":false},"excerpt":{"rendered":"<p>O OnDaf \u00e9 um teste aplicado para classificar o n\u00edvel de conhecimento do idioma alem\u00e3o dos estudantes, principalmente daqueles que se candidatam a uma bolsa do DAAD. \u00a0Ele serve tamb\u00e9m para determinar o n\u00edvel mais apropriado nos cursos online do Deutsch-Uni Online (DUO). Este teste \u00e9 composto de oito textos, cada um com 20 lacunas [&hellip;]<\/p>\n","protected":false},"author":1,"featured_media":0,"parent":0,"menu_order":0,"comment_status":"open","ping_status":"open","template":"","meta":{"footnotes":""},"_links":{"self":[{"href":"https:\/\/centrosuico.ch\/cursos\/wp-json\/wp\/v2\/pages\/136"}],"collection":[{"href":"https:\/\/centrosuico.ch\/cursos\/wp-json\/wp\/v2\/pages"}],"about":[{"href":"https:\/\/centrosuico.ch\/cursos\/wp-json\/wp\/v2\/types\/page"}],"author":[{"embeddable":true,"href":"https:\/\/centrosuico.ch\/cursos\/wp-json\/wp\/v2\/users\/1"}],"replies":[{"embeddable":true,"href":"https:\/\/centrosuico.ch\/cursos\/wp-json\/wp\/v2\/comments?post=136"}],"version-history":[{"count":26,"href":"https:\/\/centrosuico.ch\/cursos\/wp-json\/wp\/v2\/pages\/136\/revisions"}],"predecessor-version":[{"id":882,"href":"https:\/\/centrosuico.ch\/cursos\/wp-json\/wp\/v2\/pages\/136\/revisions\/882"}],"wp:attachment":[{"href":"https:\/\/centrosuico.ch\/cursos\/wp-json\/wp\/v2\/media?parent=136"}],"curies":[{"name":"wp","href":"https:\/\/api.w.org\/{rel}","templated":true}]}}